{"id":3,"date":"2023-05-24T19:59:43","date_gmt":"2023-05-24T17:59:43","guid":{"rendered":"https:\/\/kredify.pl\/?page_id=3"},"modified":"2023-12-18T12:01:22","modified_gmt":"2023-12-18T11:01:22","slug":"polityka-prywatnosci","status":"publish","type":"page","link":"https:\/\/kredify.pl\/en\/polityka-prywatnosci\/","title":{"rendered":"Polityka prywatno\u015bci"},"content":{"rendered":"<p><\/p>\r\n<h2 class=\"wp-block-heading\" style=\"text-align: center;\"><span style=\"color: #01a878;\">Polityka prywatno\u015bci strony internetowej www.kredify.pl<\/span><\/h2>\r\n<ol>\r\n<li>Dla W\u0142a\u015bciciela niniejszej strony internetowej, ochrona danych osobowych U\u017cytkownik\u00f3w jest spraw\u0105 najwy\u017cszej wagi. Dok\u0142ada on ogrom stara\u0144, aby U\u017cytkownicy czuli si\u0119 bezpiecznie, powierzaj\u0105c swoje dane osobowe w trakcie korzystania ze strony internetowej.<\/li>\r\n<li>U\u017cytkownik to osoba fizyczna, osoba prawna albo jednostka organizacyjna, nieposiadaj\u0105ca osobowo\u015bci prawnej, kt\u00f3rej ustawa przyznaje zdolno\u015b\u0107 prawn\u0105, korzystaj\u0105ca z us\u0142ug elektronicznych, dost\u0119pnych w ramach strony internetowej.<\/li>\r\n<li>Niniejsza polityka prywatno\u015bci wyja\u015bnia zasady i\u00a0zakres przetwarzania danych osobowych U\u017cytkownika, przys\u0142uguj\u0105ce mu prawa, jak te\u017c obowi\u0105zki administratora tych danych, a\u00a0tak\u017ce informuje o\u00a0u\u017cywaniu plik\u00f3w cookies.<\/li>\r\n<\/ol>\r\n<p style=\"text-align: left;\">Administrator stosuje najnowocze\u015bniejsze \u015brodki techniczne i rozwi\u0105zania organizacyjne, zapewniaj\u0105ce wysoki poziom ochrony przetwarzanych danych osobowych oraz zabezpieczenia przed dost\u0119pem os\u00f3b nieupowa\u017cnionych.\u00a0 \u00a0<\/p>\r\n<p style=\"text-align: center;\"><br \/><strong>I. ADMINISTRATOR DANYCH OSOBOWYCH<\/strong><\/p>\r\n<p><br \/>Administratorem danych osobowych jest Przedsi\u0119biorca Pan Nazar Melnyk, prowadz\u0105ca dzia\u0142alno\u015b\u0107 gospodarcz\u0105 pod firm\u0105: Molnar Recruitment Nazar Melnyk, z siedzib\u0105 przy: ul. Grupy AK Krybar 7\/37, Warszawa 00-712 NIP: 5842748351 (zwany dalej: \u201e<strong>W\u0142a\u015bciciel<\/strong>&#8220;).<\/p>\r\n<p style=\"text-align: center;\"><strong>II. CEL PRZETWARZANIA DANYCH OSOBOWYCH<br \/><\/strong><\/p>\r\n<p style=\"text-align: left;\"><br \/>Administrator przetwarza dane osobowe U\u017cytkownika w\u00a0celu:<\/p>\r\n<ol>\r\n<li>\u00a0zawarcia umowy o \u015bwiadczenie us\u0142ug drog\u0105 elektroniczn\u0105 w tym utworzenia i prowadzenia indywidualnego konta klienta tj. u\u017cytkownika niezb\u0119dnego do korzystania z us\u0142ug dost\u0119pnych dla zarejestrowanych i zalogowanych u\u017cytkownik\u00f3w Platformy (podstawa prawna \u2013 art. 6 ust. 1 lit b. RODO) \u2013 \u201ewykonanie umowy\u201d.<\/li>\r\n<li>realizacji zam\u00f3wienia oraz us\u0142ug dost\u0119pnych dla zarejestrowanych i zalogowanych u\u017cytkownik\u00f3w Platformy oraz zapewnienia poprawnej jako\u015bci ww. us\u0142ug (podstawa prawna \u2013 art. 6 ust. 1 lit. b. oraz art. 9 ust. 2 lit. a. RODO) \u2013 \u201ewykonanie umowy\u201d oraz \u201ewyra\u017ana zgoda na przetwarzanie danych o stanie zdrowia\u201d.<\/li>\r\n<li>\u00a0dochodzenia i obrony przed roszczeniami wynikaj\u0105cymi z umowy, (podstawa prawna &#8211; art. 6 ust. 1 lit. f. RODO) &#8211; &#8220;prawnie uzasadniony interes&#8221;. Terminy dochodzenia roszcze\u0144 wynikaj\u0105cych z umowy szczeg\u00f3\u0142owo okre\u015bla Kodeks cywilny, przepisy konsumenckie oraz inne przepisy prawne reguluj\u0105ce tryb prowadzenia ww. post\u0119powa\u0144.<\/li>\r\n<li>wykonania ci\u0105\u017c\u0105cych na Administratorze obowi\u0105zk\u00f3w prawnych, np. rozlicze\u0144 finansowych i sprawozdawczo\u015bci rachunkowej, w tym wystawiania i przechowywania faktur, archiwizowania dokumentacji podatkowej, (podstawa prawna: art. 6 ust. 1 lit. c RODO) &#8211; &#8220;obowi\u0105zek prawny&#8221;.<\/li>\r\n<li>poprawy jako\u015bci \u015bwiadczonych us\u0142ug, w tym badanie satysfakcji u\u017cytkownika, (podstawa prawna: art. 6 ust. 1 lit. f. RODO) &#8211; \u201eprawnie uzasadniony interes&#8221;, kt\u00f3rym jest podnoszenie standard\u00f3w obs\u0142ugi u\u017cytkownika.<\/li>\r\n<\/ol>\r\n<p>2. Oznacza to, \u017ce dane te s\u0105 potrzebne w szczeg\u00f3lno\u015bci do:<\/p>\r\n<ol>\r\n<li>zarejestrowania si\u0119 na stronie internetowej;<\/li>\r\n<li>zawarcia umowy;<\/li>\r\n<li>dokonania rozlicze\u0144;<\/li>\r\n<li>dostarczenia zam\u00f3wionego przez U\u017cytkownika towaru lub\u00a0wykonanie us\u0142ug;<\/li>\r\n<li>korzystania przez U\u017cytkownika z\u00a0wszelkich uprawnie\u0144 konsumenckich (np. odst\u0105pienie od umowy, r\u0119kojmia).<\/li>\r\n<li>U\u017cytkownik mo\u017ce r\u00f3wnie\u017c wyrazi\u0107 zgod\u0119 na otrzymywanie informacji o nowo\u015bciach i promocjach, co spowoduje, \u017ce administrator b\u0119dzie r\u00f3wnie\u017c przetwarza\u0107 dane osobowe, w celu przesy\u0142ania U\u017cytkownikowi informacji handlowych, dotycz\u0105cych m.in. nowych produkt\u00f3w lub us\u0142ug, promocji czy wyprzeda\u017cy.<\/li>\r\n<li>Dane osobowe s\u0105 r\u00f3wnie\u017c przetwarzane w\u00a0ramach wype\u0142nienia prawnych obowi\u0105zk\u00f3w, ci\u0105\u017c\u0105cych na administratorze danych oraz realizacji zada\u0144, w\u00a0interesie publicznym m.in. do wykonywania zada\u0144, zwi\u0105zanych z\u00a0bezpiecze\u0144stwem i\u00a0obronno\u015bci\u0105 lub\u00a0przechowywaniem dokumentacji podatkowej.<\/li>\r\n<li>Dane osobowe mog\u0105 by\u0107 r\u00f3wnie\u017c przetwarzane w\u00a0celach marketingu bezpo\u015bredniego produkt\u00f3w, zabezpieczenia i\u00a0dochodzenia roszcze\u0144 lub\u00a0ochrony przed roszczeniami U\u017cytkownika lub\u00a0osoby trzeciej, jak r\u00f3wnie\u017c marketingu us\u0142ug i\u00a0produkt\u00f3w podmiot\u00f3w trzecich lub\u00a0marketingu w\u0142asnego, nieb\u0119d\u0105cego marketingiem bezpo\u015brednim.<\/li>\r\n<\/ol>\r\n<p style=\"text-align: center;\"><strong><br \/>III. RODZAJ DANYCH<\/strong><\/p>\r\n<ol>\r\n<li>Administrator przetwarza nast\u0119puj\u0105ce dane osobowe, kt\u00f3rych podanie jest niezb\u0119dne do:<\/li>\r\n<\/ol>\r\n<ul>\r\n<li>zarejestrowania si\u0119 na stronie internetowej:<\/li>\r\n<\/ul>\r\n<p>&#8211; imi\u0119 i\u00a0nazwisko;\u00a0 \u00a0<br \/>&#8211; adres e-mail;<\/p>\r\n<ul>\r\n<li>dokonywania zakup\u00f3w za pomoc\u0105 strony internetowej:<\/li>\r\n<\/ul>\r\n<p>&#8211; imi\u0119 i\u00a0nazwisko;\u00a0 \u00a0<br \/>&#8211; p\u0142e\u0107;\u00a0\u00a0\u00a0\u00a0\u00a0\u00a0\u00a0 \u00a0<br \/>&#8211; adres dostawy;\u00a0 \u00a0<br \/>&#8211; numer telefonu;\u00a0 \u00a0<br \/>&#8211; adres e-mail;<\/p>\r\n<ul>\r\n<li>dane podawane przez U\u017cytkownika opcjonalnie:<\/li>\r\n<\/ul>\r\n<p>&#8211; data urodzenia;\u00a0 \u00a0<br \/>&#8211; numer PESEL (w przypadku \u017c\u0105dania wystawienia faktury);\u00a0\u00a0\u00a0\u00a0 \u00a0<br \/>&#8211; numer NIP (w przypadku \u017c\u0105dania wystawienia faktury dla przedsi\u0119biorcy).<\/p>\r\n<ol start=\"2\">\r\n<li>W\u00a0przypadku odst\u0105pienia od umowy b\u0105d\u017a uznania reklamacji, gdy zwrot nale\u017cno\u015bci nast\u0119puje bezpo\u015brednio na rachunek bankowy U\u017cytkownika, w\u00a0celu dokonania zwrotu nale\u017cno\u015bci przetwarzamy r\u00f3wnie\u017c informacje, dotycz\u0105ce numeru rachunku bankowego.<\/li>\r\n<\/ol>\r\n<p>&nbsp;<\/p>\r\n<p style=\"text-align: center;\"><strong>IV. PODSTAWA PRAWNA PRZETWARZANIA DANYCH OSOBOWYCH<\/strong><\/p>\r\n<ol>\r\n<li>Dane osobowe s\u0105 przetwarzane zgodnie z przepisami Rozporz\u0105dzenia Parlamentu Europejskiego i Rady (UE) 2016\/679 z dnia 27 kwietnia 2016 r. w sprawie ochrony os\u00f3b fizycznych w zwi\u0105zku z przetwarzaniem danych osobowych i w sprawie swobodnego przep\u0142ywu takich danych oraz uchylenia dyrektywy 95\/46\/WE (og\u00f3lne rozporz\u0105dzenie o ochronie danych), OJ L 119, 4.5.2016, p. 1\u201388, dalej zwane: \u201e<strong>rozporz\u0105dzenie RODO<\/strong>&#8220;.<\/li>\r\n<li>Administrator przetwarza dane osobowe wy\u0142\u0105cznie po uprzednim uzyskaniu zgody U\u017cytkownika, wyra\u017conej w\u00a0chwili rejestracji na stronie internetowej lub\u00a0w chwili potwierdzenia dokonanej na stronie internetowej transakcji.<\/li>\r\n<li>Wyra\u017cenie zgody na przetwarzanie danych osobowych jest ca\u0142kowicie dobrowolne, jednak\u017ce brak jej udzielenia uniemo\u017cliwia zarejestrowanie si\u0119 na stronie internetowej oraz dokonywanie zakup\u00f3w, za po\u015brednictwem strony internetowej.<\/li>\r\n<\/ol>\r\n<p style=\"text-align: center;\"><strong><br \/>V. PRAWA PRZYS\u0141UGUJ\u0104CE U\u017bYTKOWNIKOWI<\/strong><\/p>\r\n<ol>\r\n<li>U\u017cytkownik mo\u017ce w ka\u017cdej chwili za\u017c\u0105da\u0107 od administratora informacji o zakresie przetwarzania danych osobowych.<\/li>\r\n<li>U\u017cytkownik mo\u017ce w\u00a0ka\u017cdej chwili za\u017c\u0105da\u0107 poprawienia b\u0105d\u017a sprostowania swoich danych osobowych. U\u017cytkownik mo\u017ce to\u00a0r\u00f3wnie\u017c zrobi\u0107 samodzielnie, po zalogowaniu si\u0119 na swoje konto.<\/li>\r\n<li>U\u017cytkownik mo\u017ce w\u00a0ka\u017cdej chwili wycofa\u0107 swoj\u0105 zgod\u0119 na przetwarzanie jego danych osobowych, bez podawania przyczyny. \u017b\u0105danie nieprzetwarzania danych mo\u017ce dotyczy\u0107 wskazanego przez U\u017cytkownika konkretnego celu przetwarzania np. wycofanie zgody na otrzymywanie informacji handlowych b\u0105d\u017a dotyczy\u0107 wszystkich cel\u00f3w przetwarzania danych. Wycofanie zgody co do wszystkich cel\u00f3w przetwarzania spowoduje, \u017ce konto U\u017cytkownika zostanie usuni\u0119te ze\u00a0strony internetowej, wraz ze\u00a0wszystkimi wcze\u015bniej przetwarzanymi przez administratora danymi osobowymi U\u017cytkownika. Wycofanie zgody nie wp\u0142ynie na ju\u017c dokonane czynno\u015bci.<\/li>\r\n<li>U\u017cytkownik mo\u017ce w\u00a0ka\u017cdej chwili \u017c\u0105da\u0107, bez podawania przyczyny, aby administrator usun\u0105\u0142 Jego dane. \u017b\u0105danie usuni\u0119cia danych nie wp\u0142ynie na dotychczas dokonane czynno\u015bci. Usuni\u0119cie danych oznacza jednoczesne usuni\u0119cie konta U\u017cytkownika, wraz ze\u00a0wszystkimi zapisanymi i\u00a0przetwarzanymi do tej pory przez administratora danymi osobowymi.<\/li>\r\n<li>U\u017cytkownik mo\u017ce w\u00a0ka\u017cdej chwili wyrazi\u0107 sprzeciw przeciwko przetwarzaniu danych osobowych, zar\u00f3wno w\u00a0zakresie wszystkich przetwarzanych przez administratora danych osobowych U\u017cytkownika, jak r\u00f3wnie\u017c jedynie w\u00a0ograniczonym zakresie np. co do przetwarzania danych w\u00a0konkretnie wskazanym celu. Sprzeciw nie wp\u0142ynie na dotychczas dokonane czynno\u015bci. Wniesienie sprzeciwu spowoduje usuni\u0119cie konta U\u017cytkownika, wraz ze\u00a0wszystkimi zapisanymi i\u00a0przetwarzanymi do tej pory, przez administratora, danymi osobowymi.<\/li>\r\n<li>U\u017cytkownik mo\u017ce za\u017c\u0105da\u0107 ograniczenia przetwarzania danych osobowych, czy to\u00a0przez okre\u015blony czas, czy te\u017c bez ograniczenia czasowego, ale w\u00a0okre\u015blonym zakresie, co administrator b\u0119dzie obowi\u0105zany spe\u0142ni\u0107. \u017b\u0105danie to\u00a0nie wp\u0142ynie na dotychczas dokonane czynno\u015bci.<\/li>\r\n<li>U\u017cytkownik mo\u017ce za\u017c\u0105da\u0107, aby administrator przekaza\u0142 innemu podmiotowi, przetwarzane dane osobowe U\u017cytkownika. Powinien w\u00a0tym celu napisa\u0107 pro\u015bb\u0119 do administratora, wskazuj\u0105c, jakiemu podmiotowi (nazwa, adres) nale\u017cy przekaza\u0107 dane osobowe U\u017cytkownika oraz jakie konkretnie dane U\u017cytkownik \u017cyczy sobie, \u017ceby administrator przekaza\u0142. Po potwierdzeniu przez U\u017cytkownika swojego \u017cyczenia, administrator przeka\u017ce, w\u00a0formie elektronicznej, wskazanemu podmiotowi, dane osobowe U\u017cytkownika. Potwierdzenie przez U\u017cytkownika \u017c\u0105dania jest niezb\u0119dne z\u00a0uwagi na bezpiecze\u0144stwo danych osobowych U\u017cytkownika oraz uzyskanie pewno\u015bci, \u017ce \u017c\u0105danie pochodzi od osoby uprawnionej.<\/li>\r\n<li>Administrator informuje U\u017cytkownika o\u00a0podj\u0119tych dzia\u0142aniach, przed up\u0142ywem miesi\u0105ca od otrzymania jednego z\u00a0\u017c\u0105da\u0144 wymienionych w\u00a0poprzednich punktach.<\/li>\r\n<\/ol>\r\n<p style=\"text-align: center;\"><strong><br \/>VI. OKRES PRZECHOWYWANIA DANYCH OSOBOWYCH<\/strong><\/p>\r\n<ol>\r\n<li>Zasadniczo dane osobowe s\u0105 przechowywane tylko tak d\u0142ugo, jak to jest konieczne do wype\u0142nienia zobowi\u0105za\u0144 umownych lub ustawowych, dla kt\u00f3rych zosta\u0142y one zgromadzone. Dane te zostan\u0105 usuni\u0119te natychmiast, gdy ich przechowywanie nie b\u0119dzie konieczne, w celach dowodowych, zgodnie z prawem cywilnym lub w zwi\u0105zku z ustawowym obowi\u0105zkiem przechowywania danych.<\/li>\r\n<li>Informacje, dotycz\u0105ce umowy, przechowuje si\u0119 w\u00a0celach dowodowych, przez okres trzech lat, pocz\u0105wszy od ko\u0144ca roku, w\u00a0kt\u00f3rym zako\u0144czono relacje handlowe z\u00a0U\u017cytkownikiem. Usuni\u0119cie danych nast\u0105pi po up\u0142ywie ustawowego terminu przedawnienia dochodzenia roszcze\u0144 umownych.<\/li>\r\n<li>Ponadto, administrator mo\u017ce zachowa\u0107 informacje archiwalne, dotycz\u0105ce zawartych transakcji, gdy\u017c ich przechowywanie jest zwi\u0105zane z\u00a0przys\u0142uguj\u0105cymi U\u017cytkownikowi roszczeniami np. z\u00a0tytu\u0142u r\u0119kojmi.<\/li>\r\n<li>Je\u015bli \u017cadna umowa nie zosta\u0142a zawarta, mi\u0119dzy U\u017cytkownikiem i\u00a0W\u0142a\u015bcicielem, dane osobowe U\u017cytkownika s\u0105 przechowywane do czasu usuni\u0119cia konta U\u017cytkownika na stronie internetowej. Usuni\u0119cie konta mo\u017ce nast\u0105pi\u0107 w\u00a0wyniku wysuni\u0119cia \u017c\u0105dania przez U\u017cytkownika, wycofania zgody na przetwarzanie danych osobowych, b\u0105d\u017a te\u017c zg\u0142oszenia sprzeciwu co do przetwarzania tych danych.<\/li>\r\n<\/ol>\r\n<p style=\"text-align: center;\"><strong><br \/>VII. POWIERZENIE PRZETWARZANIA DANYCH INNYM PODMIOTOM<\/strong><\/p>\r\n<ol>\r\n<li>Administrator mo\u017ce powierza\u0107 przetwarzanie danych osobowych podmiotom wsp\u00f3\u0142pracuj\u0105cym z administratorem, w zakresie niezb\u0119dnym dla realizacji transakcji np. w celu przygotowania zam\u00f3wionego towaru oraz dostarczania przesy\u0142ek lub przekazywania informacji handlowych, pochodz\u0105cych od administratora (ostatnie dotyczy U\u017cytkownik\u00f3w, kt\u00f3rzy wyrazili zgod\u0119 na otrzymywanie informacji handlowych).<\/li>\r\n<li>Poza celami, wskazanymi w\u00a0niniejszej Polityce Prywatno\u015bci, dane osobowe U\u017cytkownik\u00f3w, nie b\u0119d\u0105 w\u00a0\u017caden spos\u00f3b udost\u0119pniane osobom trzecim, ani przekazywane innym podmiotom, w\u00a0celu przesy\u0142ania materia\u0142\u00f3w marketingowych tych os\u00f3b trzecich.<\/li>\r\n<li>Dane osobowe U\u017cytkownik\u00f3w strony internetowej nie s\u0105 przekazywane poza obszar Unii Europejskiej.<\/li>\r\n<li>Niniejsza Polityka Prywatno\u015bci jest zgodna z\u00a0przepisami wynikaj\u0105cymi z\u00a0art. 13 ust. 1 i\u00a0ust. 2 rozporz\u0105dzenia RODO.<\/li>\r\n<\/ol>\r\n<p style=\"text-align: center;\"><strong><br \/>VIII. PLIKI COOKIES<\/strong><\/p>\r\n<ol>\r\n<li><br \/>Strona internetowa u\u017cywa plik\u00f3w cookies (ciasteczka) lub\u00a0podobn\u0105 technologi\u0119 (dalej \u0142\u0105cznie nazywane: &#8220;<strong>cookies<\/strong>&#8220;) do zbierania informacji o\u00a0dost\u0119pie U\u017cytkownika do strony internetowej (np. za pomoc\u0105 komputera lub\u00a0smartfonu) oraz jego preferencjach. S\u0105 one wykorzystywane m.in. w\u00a0celach reklamowych i\u00a0statystycznych oraz w\u00a0celu dostosowania strony internetowej do indywidualnych potrzeb U\u017cytkownika.<\/li>\r\n<li>Pliki cookies to\u00a0fragmenty informacji, kt\u00f3re zawieraj\u0105 unikalny kod referencyjny, kt\u00f3ry strona internetowa przesy\u0142a na urz\u0105dzenie U\u017cytkownika, w\u00a0celu przechowywania, a\u00a0czasem \u015bledzenia informacji, dotycz\u0105cych u\u017cywanego urz\u0105dzenia. Zwykle nie pozwalaj\u0105 one zidentyfikowa\u0107 osoby U\u017cytkownika. Ich g\u0142\u00f3wnym zadaniem jest lepsze dopasowanie strony internetowej do U\u017cytkownika.<\/li>\r\n<li>Niekt\u00f3re z\u00a0plik\u00f3w cookies, wyst\u0119puj\u0105ce na stronie internetowej, s\u0105 dost\u0119pne tylko przez czas trwania danej sesji internetowej i\u00a0wygasaj\u0105 po zamkni\u0119ciu przegl\u0105darki. Inne pliki cookies s\u0142u\u017c\u0105 do zapami\u0119tywania U\u017cytkownika, kt\u00f3ry po powrocie na stron\u0119 internetow\u0105, jest na niej rozpoznawany. S\u0105 one w\u00f3wczas zachowywane przed d\u0142u\u017cszy czas.<\/li>\r\n<li>Pliki cookies u\u017cywane na niniejszej stronie internetowej to:<\/li>\r\n<\/ol>\r\n<p>cck3, _SECURECAST_GC: has_js<\/p>\r\n<ol start=\"5\">\r\n<li>Wszystkie pliki cookies, wyst\u0119puj\u0105ce na stronie internetowej, s\u0105 ustalane przez administratora.<\/li>\r\n<li>Wszystkie pliki cookies, u\u017cywane przez niniejsz\u0105 stron\u0119 internetow\u0105, s\u0105 zgodne z\u00a0obowi\u0105zuj\u0105cym prawem Unii Europejskiej.<\/li>\r\n<li>Wi\u0119kszo\u015b\u0107 U\u017cytkownik\u00f3w i\u00a0niekt\u00f3rych przegl\u0105darek mobilnych automatycznie akceptuje pliki cookies. Je\u017celi U\u017cytkownik nie zmieni ustawie\u0144, pliki cookies zostan\u0105 zapisane w\u00a0pami\u0119ci urz\u0105dzenia.<\/li>\r\n<li>U\u017cytkownik mo\u017ce zmieni\u0107 preferencje, dotycz\u0105ce akceptacji plik\u00f3w cookies lub\u00a0zmieni\u0107 przegl\u0105dark\u0119, aby m\u00f3c otrzyma\u0107 za ka\u017cdym razem stosowne powiadomienie, gdy funkcja cookies jest ustawiona. Aby zmieni\u0107 ustawienia akceptacji cookies, nale\u017cy dostosowa\u0107 ustawienia w\u00a0przegl\u0105darce.<\/li>\r\n<li>Warto pami\u0119ta\u0107, \u017ce blokowanie lub\u00a0usuwanie plik\u00f3w cookies mo\u017ce uniemo\u017cliwi\u0107 pe\u0142ne korzystanie ze\u00a0strony internetowej.<\/li>\r\n<li>Pliki cookies b\u0119d\u0105 wykorzystywane do niezb\u0119dnego zarz\u0105dzania sesj\u0105, w\u00a0tym:<\/li>\r\n<li>Tworzenia specjalnej sesji logowania dla U\u017cytkownika strony internetowej, aby strona zapami\u0119ta\u0142a, \u017ce U\u017cytkownik jest zalogowany, a\u00a0jego \u017c\u0105dania by\u0142y dostarczane w\u00a0spos\u00f3b skuteczny, bezpieczny i\u00a0sp\u00f3jny;<\/li>\r\n<li>Rozpoznawania U\u017cytkownika, kt\u00f3ry ju\u017c wcze\u015bniej odwiedzi\u0142 stron\u0119 internetow\u0105, co pozwala na identyfikacj\u0119 liczby unikalnych u\u017cytkownik\u00f3w, kt\u00f3rzy skorzystali z\u00a0serwisu i\u00a0pozwala upewni\u0107 si\u0119 co do wystarczaj\u0105cej pojemno\u015bci serwisu dla liczby nowych u\u017cytkownik\u00f3w;<\/li>\r\n<li>Rozpoznawania, czy osoba odwiedzaj\u0105ca stron\u0119 internetow\u0105 jest zarejestrowana na stronie internetowej;<\/li>\r\n<li>Rejestrowanie informacji z\u00a0urz\u0105dzenia U\u017cytkownika, w\u00a0tym: pliki cookies, adres IP i\u00a0informacje o\u00a0u\u017cywanej przegl\u0105darce, w\u00a0celu mo\u017cliwo\u015bci diagnozowania problem\u00f3w, administrowania i\u00a0\u015bledzenia U\u017cytkowania witryny;<\/li>\r\n<li>Dostosowywania element\u00f3w uk\u0142adu szaty graficznej lub\u00a0zawarto\u015bci strony internetowej;<\/li>\r\n<li>Zbierania informacji statystycznych o\u00a0tym, jak U\u017cytkownik korzysta ze\u00a0strony, w\u00a0celu mo\u017cliwo\u015bci ulepszania witryny i\u00a0stwierdzenia, kt\u00f3re zakresy strony internetowej s\u0105 najbardziej popularne dla U\u017cytkownik\u00f3w.<\/li>\r\n<\/ol>","protected":false},"excerpt":{"rendered":"<p>Polityka prywatno\u015bci strony internetowej www.kredify.pl Dla W\u0142a\u015bciciela niniejszej strony internetowej, ochrona danych osobowych U\u017cytkownik\u00f3w jest spraw\u0105 najwy\u017cszej wagi. Dok\u0142ada on ogrom stara\u0144, aby U\u017cytkownicy czuli si\u0119 bezpiecznie, powierzaj\u0105c swoje dane osobowe w trakcie korzystania ze strony internetowej. U\u017cytkownik to osoba fizyczna, osoba prawna albo jednostka organizacyjna, nieposiadaj\u0105ca osobowo\u015bci prawnej, kt\u00f3rej ustawa przyznaje zdolno\u015b\u0107 prawn\u0105, korzystaj\u0105ca [&hellip;]<\/p>\n","protected":false},"author":1,"featured_media":0,"parent":0,"menu_order":0,"comment_status":"closed","ping_status":"closed","template":"","meta":{"inline_featured_image":false},"acf":[],"aioseo_notices":[],"_links":{"self":[{"href":"https:\/\/kredify.pl\/en\/wp-json\/wp\/v2\/pages\/3"}],"collection":[{"href":"https:\/\/kredify.pl\/en\/wp-json\/wp\/v2\/pages"}],"about":[{"href":"https:\/\/kredify.pl\/en\/wp-json\/wp\/v2\/types\/page"}],"author":[{"embeddable":true,"href":"https:\/\/kredify.pl\/en\/wp-json\/wp\/v2\/users\/1"}],"replies":[{"embeddable":true,"href":"https:\/\/kredify.pl\/en\/wp-json\/wp\/v2\/comments?post=3"}],"version-history":[{"count":9,"href":"https:\/\/kredify.pl\/en\/wp-json\/wp\/v2\/pages\/3\/revisions"}],"predecessor-version":[{"id":485,"href":"https:\/\/kredify.pl\/en\/wp-json\/wp\/v2\/pages\/3\/revisions\/485"}],"wp:attachment":[{"href":"https:\/\/kredify.pl\/en\/wp-json\/wp\/v2\/media?parent=3"}],"curies":[{"name":"wp","href":"https:\/\/api.w.org\/{rel}","templated":true}]}}